{"id":295,"date":"2022-05-30T10:40:52","date_gmt":"2022-05-30T08:40:52","guid":{"rendered":"http:\/\/wordpress.p572210.webspaceconfig.de\/?page_id=295"},"modified":"2023-04-17T15:40:04","modified_gmt":"2023-04-17T13:40:04","slug":"impressum","status":"publish","type":"page","link":"https:\/\/www.kn-lohn.de\/?page_id=295","title":{"rendered":"Impressum"},"content":{"rendered":"\n<p>KN Lohn GmbH<br>Meinekestra\u00dfe 24<br>10719 Berlin<br>Deutschland<\/p>\n\n\n\n<p>Tel.: +49 30 25757313<br>Email:&nbsp;kontakt@kn-lohn.de<br><br>Inhaltlich Verantwortliche gem\u00e4\u00df \u00a7 6 T: Moritz K\u00fchl und Dr. Bijan Niroomand (Anschrift wie oben)&nbsp;<br><br><strong>Links<\/strong><\/p>\n\n\n\n<p>Alle Links auf externe Seiten wurden vom Anbieter bei Erstellung der Seite sorgf\u00e4ltig gepr\u00fcft. M\u00f6gliche Rechtsverst\u00f6\u00dfe waren zum Zeitpunkt der Verlinkung nicht erkennbar. Allerdings hat der Anbieter keinen Einfluss auf die Inhalte verlinkter Seiten, hierf\u00fcr ist der jeweilige Dienstanbieter verantwortlich. Der Anbieter hat hierzu keine allgemeine \u00dcberwachungs- und Pr\u00fcfungspflicht. Bei Bekanntwerden einer Rechtsverletzung wird der entsprechende Link jedoch umgehend entfernt.<br><\/p>\n\n\n\n<p><strong>Rechtliche Hinweise&nbsp;<\/strong><\/p>\n\n\n\n<p>Alle Texte, Bilder und weiter hier ver\u00f6ffentlichten Informationen unterliegen dem Urheberrecht des Anbieters, soweit nicht Urheberrechte Dritter bestehen. In jedem Fall ist eine Vervielf\u00e4ltigung, Verbreitung oder \u00f6ffentliche Wiedergabe ausschlie\u00dflich im Falle einer widerruflichen und nicht \u00fcbertragbaren Zustimmung des Anbieters gestattet.<\/p>\n","protected":false},"excerpt":{"rendered":"<p>KN Lohn GmbHMeinekestra\u00dfe 2410719 BerlinDeutschland Tel.: +49 30 25757313Email:&nbsp;kontakt@kn-lohn.de Inhaltlich Verantwortliche gem\u00e4\u00df \u00a7 6 T: Moritz K\u00fchl und Dr. Bijan Niroomand (Anschrift wie oben)&nbsp; Links Alle Links auf externe Seiten wurden vom Anbieter bei Erstellung der Seite sorgf\u00e4ltig gepr\u00fcft. M\u00f6gliche Rechtsverst\u00f6\u00dfe waren zum Zeitpunkt der Verlinkung nicht erkennbar. Allerdings hat der Anbieter keinen Einfluss auf&hellip;<\/p>\n","protected":false},"author":1,"featured_media":0,"parent":0,"menu_order":0,"comment_status":"closed","ping_status":"closed","template":"","meta":{"footnotes":""},"class_list":["post-295","page","type-page","status-publish","hentry","entry","no-media"],"_links":{"self":[{"href":"https:\/\/www.kn-lohn.de\/index.php?rest_route=\/wp\/v2\/pages\/295","targetHints":{"allow":["GET"]}}],"collection":[{"href":"https:\/\/www.kn-lohn.de\/index.php?rest_route=\/wp\/v2\/pages"}],"about":[{"href":"https:\/\/www.kn-lohn.de\/index.php?rest_route=\/wp\/v2\/types\/page"}],"author":[{"embeddable":true,"href":"https:\/\/www.kn-lohn.de\/index.php?rest_route=\/wp\/v2\/users\/1"}],"replies":[{"embeddable":true,"href":"https:\/\/www.kn-lohn.de\/index.php?rest_route=%2Fwp%2Fv2%2Fcomments&post=295"}],"version-history":[{"count":4,"href":"https:\/\/www.kn-lohn.de\/index.php?rest_route=\/wp\/v2\/pages\/295\/revisions"}],"predecessor-version":[{"id":331,"href":"https:\/\/www.kn-lohn.de\/index.php?rest_route=\/wp\/v2\/pages\/295\/revisions\/331"}],"wp:attachment":[{"href":"https:\/\/www.kn-lohn.de\/index.php?rest_route=%2Fwp%2Fv2%2Fmedia&parent=295"}],"curies":[{"name":"wp","href":"https:\/\/api.w.org\/{rel}","templated":true}]}}