{"id":43,"date":"2021-01-20T00:17:58","date_gmt":"2021-01-20T00:17:58","guid":{"rendered":"https:\/\/total.wpexplorer.com\/square-media\/?page_id=43"},"modified":"2023-04-26T06:57:55","modified_gmt":"2023-04-26T04:57:55","slug":"services","status":"publish","type":"page","link":"https:\/\/www.kn-lohn.de\/?page_id=43","title":{"rendered":"Leistungen"},"content":{"rendered":"[vc_row][vc_column][vc_column_text line_height=&#8220;3&#8243;]Die KN Lohn GmbH wurde Ende 2020 gegr\u00fcndet und ist seit 2021 die Nachfolgerin des Wirtschaftsdienstes Demel. Als zuverl\u00e4ssiger Partner arbeiten wir seit Jahren eng mit verschiedenen Insolvenzverwaltern erfolgreich zusammen.\u00a0 So konnten wir zahlreiche Insolvenzgeldvorfinanzierungen begleiten und dabei helfen, gro\u00dfe Unternehmen &#8211; auch mit mehr als 1000 Mitarbeitenden &#8211; zu sanieren.[\/vc_column_text][\/vc_column][\/vc_row][vc_row content_placement=&#8220;middle&#8220;][vc_column][vc_column_text]\n<h3>Insolvenzgeldvorfinanzierung<\/h3>\n[\/vc_column_text][vc_column_text text_align=&#8220;center&#8220; line_height=&#8220;3&#8243;]\n<p style=\"text-align: left;\">Es gibt Momente im beruflichen Alltag, wo es schnell gehen muss. Die Vorfinanzierung von Insolvenzgeld geh\u00f6rt zweifellos zu diesen Momenten. Unsere Mitarbeiter : innen sind hochgradig professionell darauf geschult, hier zugunsten der Belegschaft des in die Schieflage geratenen Unternehmens eine schnelle L\u00f6sung zu finden. Hierzu stehen wir permanent im direkten Austausch mit den Verfahrensbeteiligten und organisieren die rasche Auszahlung des Insolvenzgeldes. Nur die schnelle und erfolgreiche Abwicklung der Insolvenzgeldvorfinanzierung bietet eine Chance, den laufenden Gesch\u00e4ftsbetrieb fortzuf\u00fchren.<\/p>\n[\/vc_column_text][\/vc_column][\/vc_row][vc_row content_placement=&#8220;middle&#8220;][vc_column][vc_column_text]\n<h3>Erstellung von Lohn- und Gehaltsabrechnungen sowie diverser Bescheinigungen<\/h3>\n[\/vc_column_text][vc_column_text line_height=&#8220;3&#8243;]Zu unseren h\u00e4ufigsten T\u00e4tigkeiten geh\u00f6rt die Erstellung diverser Bescheinigungen, die in der speziellen Situation Personalangelegenheiten rund ums Insolvenzverfahren auftreten (insbesondere Insolvenzgeldbescheinigungen, Arbeitsbescheinigungen, Lohnsteuerbescheinigungen). Nicht zuletzt durch die Vielzahl bearbeiteter F\u00e4lle haben wir insoweit eine jahrelange Erfahrung im Umgang mit diesen besonderen Fragestellungen.[\/vc_column_text][\/vc_column][\/vc_row][vc_row content_placement=&#8220;middle&#8220;][vc_column][vc_column_text]\n<h3>Sonstige Personalthemen rund um die Insolvenz eines Unternehmens<\/h3>\n[\/vc_column_text][vc_column_text line_height=&#8220;3&#8243;]Nat\u00fcrlich begleiten wir unsere Auftraggeber auch gerne bei allen sonstigen Themen in der Gemengelage Personalfragen und Insolvenz.[\/vc_column_text][\/vc_column][\/vc_row][vc_row][vc_column][vc_column_text]\n<h3><strong>Steuer- und Rechtsberatung\u00a0<\/strong><\/h3>\n[\/vc_column_text][vc_column_text line_height=&#8220;3&#8243;]Die KN Lohn ist Teil der KN-Gruppe. Daher k\u00f6nnen \u00fcber unsere Partnerfirmen auch Themenbereiche au\u00dferhalb von Personalfragen, die aber dort mit hineinspielen, bearbeitet werden. Unsere Experten Steuerberater Moritz K\u00fchl und Rechtsanwalt Dr. Bijan Niroomand verf\u00fcgen \u00fcber eine umfangreiche Expertise in wesentlichen Steuer- und Rechtsfragen. Hierbei sch\u00e4tzen unsere Mandanten die Beratung aus einer Hand im Bereich Steuerrecht und sonstiger Rechtsfragen ganz besonders, da es insoweit h\u00e4ufig zu \u00dcberschneidungen kommt. Beide Experten verf\u00fcgen au\u00dferdem \u00fcber Kenntnisse mit grenz\u00fcberschreitendem Bezug und k\u00f6nnen unsere Mandanten somit insbesondere auch bei internationalen Fragestellungen beraten.[\/vc_column_text][\/vc_column][\/vc_row][vc_row][vc_column][\/vc_column][\/vc_row]\n","protected":false},"excerpt":{"rendered":"<p>[vc_row][vc_column][vc_column_text line_height=&#8220;3&#8243;]Die KN Lohn GmbH wurde Ende 2020 gegr\u00fcndet und ist seit 2021 die Nachfolgerin des Wirtschaftsdienstes Demel. Als zuverl\u00e4ssiger Partner arbeiten wir seit Jahren eng mit verschiedenen Insolvenzverwaltern erfolgreich zusammen.\u00a0 So konnten wir zahlreiche Insolvenzgeldvorfinanzierungen begleiten und dabei helfen, gro\u00dfe Unternehmen &#8211; auch mit mehr als 1000 Mitarbeitenden &#8211; zu sanieren.[\/vc_column_text][\/vc_column][\/vc_row][vc_row content_placement=&#8220;middle&#8220;][vc_column][vc_column_text] Insolvenzgeldvorfinanzierung [\/vc_column_text][vc_column_text&hellip;<\/p>\n","protected":false},"author":1,"featured_media":0,"parent":0,"menu_order":0,"comment_status":"closed","ping_status":"closed","template":"","meta":{"footnotes":""},"class_list":["post-43","page","type-page","status-publish","hentry","entry","no-media"],"_links":{"self":[{"href":"https:\/\/www.kn-lohn.de\/index.php?rest_route=\/wp\/v2\/pages\/43","targetHints":{"allow":["GET"]}}],"collection":[{"href":"https:\/\/www.kn-lohn.de\/index.php?rest_route=\/wp\/v2\/pages"}],"about":[{"href":"https:\/\/www.kn-lohn.de\/index.php?rest_route=\/wp\/v2\/types\/page"}],"author":[{"embeddable":true,"href":"https:\/\/www.kn-lohn.de\/index.php?rest_route=\/wp\/v2\/users\/1"}],"replies":[{"embeddable":true,"href":"https:\/\/www.kn-lohn.de\/index.php?rest_route=%2Fwp%2Fv2%2Fcomments&post=43"}],"version-history":[{"count":25,"href":"https:\/\/www.kn-lohn.de\/index.php?rest_route=\/wp\/v2\/pages\/43\/revisions"}],"predecessor-version":[{"id":360,"href":"https:\/\/www.kn-lohn.de\/index.php?rest_route=\/wp\/v2\/pages\/43\/revisions\/360"}],"wp:attachment":[{"href":"https:\/\/www.kn-lohn.de\/index.php?rest_route=%2Fwp%2Fv2%2Fmedia&parent=43"}],"curies":[{"name":"wp","href":"https:\/\/api.w.org\/{rel}","templated":true}]}}